{"id":7,"date":"2020-02-03T14:32:04","date_gmt":"2020-02-03T14:32:04","guid":{"rendered":"https:\/\/www.kreisberufskollegs-gt.de\/?page_id=7"},"modified":"2020-08-17T12:51:13","modified_gmt":"2020-08-17T12:51:13","slug":"ueber-uns","status":"publish","type":"page","link":"https:\/\/www.kreisberufskollegs-gt.de\/?page_id=7","title":{"rendered":"\u00dcber uns"},"content":{"rendered":"\n<h6>Diese Seite ist eine gemeinsame Homepage aller Berufskollegs <br>in der Tr\u00e4gerschaft des Kreises  G\u00fctersloh.<\/h6>\n\n\n\n<div class=\"wp-block-image\"><figure class=\"aligncenter size-large is-resized\"><img loading=\"lazy\" src=\"https:\/\/www.kreisberufskollegs-gt.de\/wp-content\/uploads\/2020\/02\/kreislogo.png\" alt=\"\" class=\"wp-image-30\" width=\"112\" height=\"43\"\/><\/figure><\/div>\n\n\n\n<figure class=\"wp-block-table is-style-regular\"><table><thead><tr><th><img loading=\"lazy\" width=\"2560\" height=\"1249\" class=\"wp-image-73\" style=\"width: 150px;\" alt=\"\" src=\"https:\/\/www.kreisberufskollegs-gt.de\/wp-content\/uploads\/2020\/02\/rmbklogo4-scaled.jpg\" srcset=\"https:\/\/www.kreisberufskollegs-gt.de\/wp-content\/uploads\/2020\/02\/rmbklogo4-scaled.jpg 2560w, https:\/\/www.kreisberufskollegs-gt.de\/wp-content\/uploads\/2020\/02\/rmbklogo4-300x146.jpg 300w, https:\/\/www.kreisberufskollegs-gt.de\/wp-content\/uploads\/2020\/02\/rmbklogo4-1024x500.jpg 1024w, https:\/\/www.kreisberufskollegs-gt.de\/wp-content\/uploads\/2020\/02\/rmbklogo4-768x375.jpg 768w, https:\/\/www.kreisberufskollegs-gt.de\/wp-content\/uploads\/2020\/02\/rmbklogo4-1536x750.jpg 1536w, https:\/\/www.kreisberufskollegs-gt.de\/wp-content\/uploads\/2020\/02\/rmbklogo4-2048x999.jpg 2048w\" sizes=\"(max-width: 2560px) 100vw, 2560px\" \/><\/th><th><img style=\"width: 150px;\" alt=\"\" src=\"https:\/\/www.kreisberufskollegs-gt.de\/wp-content\/uploads\/2020\/02\/LOGO-CMB-1.jpg\"><\/th><th><img alt=\"\" src=\"https:\/\/www.kreisberufskollegs-gt.de\/wp-content\/uploads\/2020\/02\/LOGO-RGB.png\" style=\"width: 150px;\"><\/th><th><img alt=\"\" src=\"https:\/\/www.kreisberufskollegs-gt.de\/wp-content\/uploads\/2020\/02\/Logo-EMS-Berufskolleg-Variante1-e1582721964897.jpg\" style=\"width: 150px;\"><\/th><th><img loading=\"lazy\" width=\"500\" height=\"90\" class=\"wp-image-88\" style=\"width: 180px;\" alt=\"\" src=\"https:\/\/www.kreisberufskollegs-gt.de\/wp-content\/uploads\/2020\/02\/LOGO-Halle-scaled-e1582721865847.jpg\"><\/th><\/tr><\/thead><\/table><\/figure>\n\n\n\n<hr class=\"wp-block-separator has-text-color has-background has-black-background-color has-black-color\"\/>\n\n\n\n<p class=\"has-text-align-left\">Impressum:<br>Berufskollegs des Kreises G\u00fctersloh<br>c\/o Carl-Miele-Berufskolleg<br>Wilhelm &#8211; Wolfstr. 2 &#8211; 4<br>33330 G\u00fctersloh<\/p>\n\n\n\n<p><\/p>\n\n\n\n<p><\/p>\n\n\n\n<p><\/p>\n","protected":false},"excerpt":{"rendered":"<p>Diese Seite ist eine gemeinsame Homepage aller Berufskollegs in der Tr\u00e4gerschaft des Kreises G\u00fctersloh. Impressum:Berufskollegs des Kreises G\u00fcterslohc\/o Carl-Miele-BerufskollegWilhelm &#8211; Wolfstr. 2 &#8211; 433330 G\u00fctersloh<\/p>\n","protected":false},"author":1,"featured_media":0,"parent":0,"menu_order":0,"comment_status":"closed","ping_status":"closed","template":"","meta":[],"_links":{"self":[{"href":"https:\/\/www.kreisberufskollegs-gt.de\/index.php?rest_route=\/wp\/v2\/pages\/7"}],"collection":[{"href":"https:\/\/www.kreisberufskollegs-gt.de\/index.php?rest_route=\/wp\/v2\/pages"}],"about":[{"href":"https:\/\/www.kreisberufskollegs-gt.de\/index.php?rest_route=\/wp\/v2\/types\/page"}],"author":[{"embeddable":true,"href":"https:\/\/www.kreisberufskollegs-gt.de\/index.php?rest_route=\/wp\/v2\/users\/1"}],"replies":[{"embeddable":true,"href":"https:\/\/www.kreisberufskollegs-gt.de\/index.php?rest_route=%2Fwp%2Fv2%2Fcomments&post=7"}],"version-history":[{"count":12,"href":"https:\/\/www.kreisberufskollegs-gt.de\/index.php?rest_route=\/wp\/v2\/pages\/7\/revisions"}],"predecessor-version":[{"id":373,"href":"https:\/\/www.kreisberufskollegs-gt.de\/index.php?rest_route=\/wp\/v2\/pages\/7\/revisions\/373"}],"wp:attachment":[{"href":"https:\/\/www.kreisberufskollegs-gt.de\/index.php?rest_route=%2Fwp%2Fv2%2Fmedia&parent=7"}],"curies":[{"name":"wp","href":"https:\/\/api.w.org\/{rel}","templated":true}]}}