{"id":59,"date":"2020-02-21T08:13:17","date_gmt":"2020-02-21T08:13:17","guid":{"rendered":"https:\/\/www.kreisberufskollegs-gt.de\/?page_id=59"},"modified":"2020-02-27T06:49:34","modified_gmt":"2020-02-27T06:49:34","slug":"wegweiser-fuer-die-berufliche-bildung","status":"publish","type":"page","link":"https:\/\/www.kreisberufskollegs-gt.de\/","title":{"rendered":"Wegweiser f\u00fcr den Kreis G\u00fctersloh"},"content":{"rendered":"\n<div class=\"wp-block-group alignwide\"><div class=\"wp-block-group__inner-container\">\n<figure class=\"wp-block-image\"><a href=\"https:\/\/www.kreis-guetersloh.de\/themen\/bildung\/schulverwaltung\/berufliche-bildung\/\"><img loading=\"lazy\" width=\"211\" height=\"81\" src=\"https:\/\/www.kreisberufskollegs-gt.de\/wp-content\/uploads\/2020\/02\/kreislogo.png\" alt=\"\" class=\"wp-image-30\"\/><\/a><figcaption>Hier gibt es den Flyer f\u00fcr alle Angebote<\/figcaption><\/figure>\n<\/div><\/div>\n\n\n\n<figure class=\"wp-block-image is-resized\"><a href=\"https:\/\/www.reinhard-mohn-berufskolleg.de\"><img loading=\"lazy\" src=\"https:\/\/www.kreisberufskollegs-gt.de\/wp-content\/uploads\/2020\/02\/rmbklogo4-1-1024x500.jpg\" alt=\"\" class=\"wp-image-80\" width=\"275\" height=\"134\"\/><\/a><figcaption>Berufskolleg f\u00fcr Wirtschaft und Verwaltung<br>in G\u00fctersloh<\/figcaption><\/figure>\n\n\n\n<figure class=\"wp-block-image size-large is-resized\"><a href=\"http:\/\/cmb-gt.de\"><img loading=\"lazy\" src=\"https:\/\/www.kreisberufskollegs-gt.de\/wp-content\/uploads\/2020\/02\/LOGO-CMB.jpg\" alt=\"\" class=\"wp-image-84\" width=\"170\" height=\"102\"\/><\/a><figcaption>Berufskolleg f\u00fcr Technik<br>in G\u00fctersloh<\/figcaption><\/figure>\n\n\n\n<figure class=\"wp-block-image size-large is-resized\"><a href=\"https:\/\/ems-berufskolleg.de\"><img loading=\"lazy\" src=\"https:\/\/www.kreisberufskollegs-gt.de\/wp-content\/uploads\/2020\/02\/Logo-EMS-Berufskolleg-Variante1-e1582721964897.jpg\" alt=\"\" class=\"wp-image-43\" width=\"268\" height=\"117\"\/><\/a><figcaption>Berufskolleg f\u00fcr Wirtschaft und Verwaltung in Rheda-Wiedenbr\u00fcck <\/figcaption><\/figure>\n\n\n\n<figure class=\"wp-block-image size-large is-resized\"><a href=\"https:\/\/reckenberg-berufskolleg.de\"><img loading=\"lazy\" src=\"https:\/\/www.kreisberufskollegs-gt.de\/wp-content\/uploads\/2020\/02\/LOGO-RGB-1024x235.png\" alt=\"\" class=\"wp-image-87\" width=\"262\" height=\"59\" srcset=\"https:\/\/www.kreisberufskollegs-gt.de\/wp-content\/uploads\/2020\/02\/LOGO-RGB-1024x235.png 1024w, https:\/\/www.kreisberufskollegs-gt.de\/wp-content\/uploads\/2020\/02\/LOGO-RGB-300x69.png 300w, https:\/\/www.kreisberufskollegs-gt.de\/wp-content\/uploads\/2020\/02\/LOGO-RGB-768x176.png 768w, https:\/\/www.kreisberufskollegs-gt.de\/wp-content\/uploads\/2020\/02\/LOGO-RGB.png 1183w\" sizes=\"(max-width: 262px) 100vw, 262px\" \/><\/a><figcaption>Berufskolleg f\u00fcr Gesundheit und Soziales,<br>Bau-, Holz- und Gestaltungstechnik;<br>Metalltechnik, Ern\u00e4hrungs- und Versorgungsmanagement in <br>Rheda-Wiedenbr\u00fcck<\/figcaption><\/figure>\n\n\n\n<figure class=\"wp-block-image size-large is-resized\"><a href=\"https:\/\/www.berufskolleg-halle.de\"><img loading=\"lazy\" src=\"https:\/\/www.kreisberufskollegs-gt.de\/wp-content\/uploads\/2020\/02\/LOGO-Halle-1024x185.jpg\" alt=\"\" class=\"wp-image-88\" width=\"255\" height=\"46\"\/><\/a><figcaption>Berufskolleg f\u00fcr Wirtschaft und Verwaltung, Gesundheit und Soziales,<br>Bekleidung, Ern\u00e4hrung und K\u00f6rperpflege<br>in Halle <\/figcaption><\/figure>\n\n\n\n<p><\/p>\n","protected":false},"excerpt":{"rendered":"","protected":false},"author":1,"featured_media":0,"parent":0,"menu_order":0,"comment_status":"closed","ping_status":"closed","template":"","meta":[],"_links":{"self":[{"href":"https:\/\/www.kreisberufskollegs-gt.de\/index.php?rest_route=\/wp\/v2\/pages\/59"}],"collection":[{"href":"https:\/\/www.kreisberufskollegs-gt.de\/index.php?rest_route=\/wp\/v2\/pages"}],"about":[{"href":"https:\/\/www.kreisberufskollegs-gt.de\/index.php?rest_route=\/wp\/v2\/types\/page"}],"author":[{"embeddable":true,"href":"https:\/\/www.kreisberufskollegs-gt.de\/index.php?rest_route=\/wp\/v2\/users\/1"}],"replies":[{"embeddable":true,"href":"https:\/\/www.kreisberufskollegs-gt.de\/index.php?rest_route=%2Fwp%2Fv2%2Fcomments&post=59"}],"version-history":[{"count":9,"href":"https:\/\/www.kreisberufskollegs-gt.de\/index.php?rest_route=\/wp\/v2\/pages\/59\/revisions"}],"predecessor-version":[{"id":202,"href":"https:\/\/www.kreisberufskollegs-gt.de\/index.php?rest_route=\/wp\/v2\/pages\/59\/revisions\/202"}],"wp:attachment":[{"href":"https:\/\/www.kreisberufskollegs-gt.de\/index.php?rest_route=%2Fwp%2Fv2%2Fmedia&parent=59"}],"curies":[{"name":"wp","href":"https:\/\/api.w.org\/{rel}","templated":true}]}}