{"id":3,"date":"2020-02-03T14:24:21","date_gmt":"2020-02-03T14:24:21","guid":{"rendered":"https:\/\/www.kreisberufskollegs-gt.de\/?page_id=3"},"modified":"2020-08-17T12:44:18","modified_gmt":"2020-08-17T12:44:18","slug":"privacy-policy","status":"publish","type":"page","link":"https:\/\/www.kreisberufskollegs-gt.de\/?page_id=3","title":{"rendered":"Datenschutz"},"content":{"rendered":"\n<h2><\/h2>\n\n\n\n<p><strong>Datenschutzerkl\u00e4rung<\/strong><\/p>\n\n\n\n<p>Der Schutz und die Sicherheit von pers\u00f6nlichen Daten hat bei uns eine hohe Priorit\u00e4t. Daher halten wir uns strikt an die Regeln des deutschen Bundesdatenschutzgesetzes (BDSG). Nachfolgend werden Sie dar\u00fcber informiert, welche Art von Daten erfasst und zu welchem Zweck sie erhoben werden:<\/p>\n\n\n\n<p>1. Daten\u00fcbermittlung \/Datenprotokollierung<br>Beim Besuch dieser Seite verzeichnet der Web-Server automatisch Log-Files, die keiner bestimmten Person zugeordnet werden k\u00f6nnen. Diese Daten beinhalten z. B. den Browsertyp und -version, verwendetes Betriebssystem, Referrer URL (die zuvor besuchte Seite), IP-Adresse des anfragenden Rechners, Zugriffsdatum und -uhrzeit der Serveranfrage und die Dateianfrage des Client (Dateiname und URL). Diese Daten werden nur zum Zweck der statistischen Auswertung gesammelt. Eine Weitergabe an Dritte, zu kommerziellen oder nichtkommerziellen Zwecken, findet nicht statt.<\/p>\n\n\n\n<p>2. Nutzung pers\u00f6nlicher Daten<br>Pers\u00f6nliche Daten werden nur erhoben oder verarbeitet, wenn Sie diese Angaben freiwillig, z.B. im Rahmen einer Anfrage mitteilen. Sofern keine erforderlichen Gr\u00fcnde im Zusammenhang mit einer Gesch\u00e4ftsabwicklung bestehen, k\u00f6nnen Sie jederzeit die zuvor erteilte Genehmigung Ihrer pers\u00f6nlichen Datenspeicherung mit sofortiger Wirkung schriftlich (z.B. per E-Mail oder per Fax) widerrufen. Ihre Daten werden nicht an Dritte weitergeben, es sei denn, eine Weitergabe ist aufgrund gesetzlicher Vorschriften erforderlich.<\/p>\n\n\n\n<p>3. Auskunft, \u00c4nderung und L\u00f6schung Ihrer Daten<br>Gem\u00e4\u00df geltendem Recht k\u00f6nnen Sie jederzeit bei uns schriftlich nachfragen, ob und welche personenbezogenen Daten bei uns \u00fcber Sie gespeichert sind. Eine entsprechende Mitteilung hierzu erhalten Sie umgehend.<\/p>\n\n\n\n<p>4. Sicherheit Ihrer Daten<br>Ihre uns zur Verf\u00fcgung gestellten pers\u00f6nlichen Daten werden durch Ergreifung aller technischen sowie organisatorischen Sicherheitsma\u00dfnahmen so gesichert, dass sie f\u00fcr den Zugriff unberechtigter Dritter unzug\u00e4nglich sind. Bei Versendung von sehr sensiblen Daten oder Informationen ist es empfehlenswert, den Postweg zu nutzen, da eine vollst\u00e4ndige Datensicherheit per E-Mail nicht gew\u00e4hrleistet werden kann.<\/p>\n\n\n\n<p>5. Hinweis zu Google Analytics<br>Diese Website benutzt Google Analytics, einen Webanalysedienst der Google Inc. (\u201eGoogle\u201c).&nbsp; Google Analytics verwendet sog. \u201eCookies\u201c, d. h. Textdateien, die auf Ihrem Computer gespeichert werden und die eine Analyse der Benutzung der Website durch Sie erm\u00f6glicht. Die durch den Cookie erzeugten Informationen \u00fcber Ihre Benutzung diese Website (einschlie\u00dflich Ihrer IP-Adresse) wird an einen Server von Google in den USA \u00fcbertragen und dort gespeichert. Google wird diese Informationen benutzen, um Ihre Nutzung der Website auszuwerten, um Reports \u00fcber die Websiteaktivit\u00e4ten f\u00fcr die Websitebetreiber zusammenzustellen und um weitere mit der Websitenutzung und der Internetnutzung verbundene Dienstleistungen zu erbringen. Auch wird Google diese Informationen gegebenenfalls an Dritte \u00fcbertragen, sofern dies gesetzlich vorgeschrieben oder soweit Dritte diese Daten im Auftrag von Google verarbeiten. Google wird in keinem Fall Ihre IP-Adresse mit anderen Daten der Google in Verbindung bringen. Sie k\u00f6nnen die Installation der Cookies durch eine entsprechende Einstellung Ihrer Browser Software verhindern; wir weisen Sie jedoch darauf hin, dass Sie in diesem Fall gegebenenfalls nicht s\u00e4mtliche Funktionen dieser Website voll umf\u00e4nglich nutzen k\u00f6nnen. Durch die Nutzung dieser Website erkl\u00e4ren Sie sich mit der Bearbeitung der \u00fcber Sie erhobenen Daten durch Google in der zuvor beschriebenen Art und Weise und zu dem zuvor benannten Zweck einverstanden.<\/p>\n\n\n\n<p>6. Cookies<br>Auf einigen unserer Seiten verwenden wir sog. \u201eSession-Cookies\u201c, um Ihnen die Nutzung unserer Webseiten zu erleichtern. Dabei handelt es sich um kleine Textdateien, die nur f\u00fcr die Dauer Ihres Besuchs unserer Webseite auf Ihrer Festplatte hinterlegt und abh\u00e4ngig von der Einstellung Ihres Browser-Programms beim Beenden des Browsers wieder gel\u00f6scht werden. Diese Cookies rufen keine auf Ihrer Festplatte \u00fcber Sie gespeicherten Informationen ab und beeintr\u00e4chtigen nicht Ihren PC oder ihre Dateien. Die meisten Browser sind so eingestellt, dass sie Cookies automatisch akzeptieren. Sie k\u00f6nnen das Speichern von Cookies jedoch deaktivieren oder ihren Browser so einstellen, dass er Sie auf die Sendung von Cookies hinweist.<\/p>\n\n\n\n<p>7. Rechtsgrundlagen der Datenverarbeitung<br>Soweit wir f\u00fcr die Verarbeitung Ihrer personenbezogenen Daten eine Einwilligung einholen, dient Art. 6 Abs. 1 lit. a) DSGVO als Rechtsgrundlage f\u00fcr die Datenverarbeitung. Soweit wir Ihre personenbezogenen Daten verarbeiten, weil dies zur Erf\u00fcllung eines Vertrages oder im Rahmen eines vertrags\u00e4hnlichen Verh\u00e4ltnisses mit Ihnen erforderlich ist, dient Art. 6 Abs. 1 lit. b) DSGVO als Rechtsgrundlage f\u00fcr die Datenverarbeitung. Soweit wir Ihre personenbezogenen Daten zur Erf\u00fcllung einer rechtlichen Verpflichtung verarbeiten, dient Art. 6 Abs. 1 lit. c) DSGVO als Rechtsgrundlage f\u00fcr die Datenverarbeitung. Als Rechtsgrundlage f\u00fcr die Datenverarbeitung kommt weiter Art. 6 Abs. 1 lit. f) DSGVO in Betracht, wenn die Verarbeitung Ihrer personenbezogenen Daten zur Wahrung eines berechtigten Interesses unseres Zentrums oder eines Dritten erforderlich ist und dabei Ihre Interessen, Grundrechte und Grundfreiheiten nicht den Schutz der personenbezogenen Daten erfordern. Im Rahmen dieser Datenschutzerkl\u00e4rung weisen wir immer darauf hin, auf welche Rechtsgrundlage wir die Verarbeitung Ihrer personenbezogenen Daten st\u00fctzen.<\/p>\n\n\n\n<p>8. Ihre Rechte<\/p>\n\n\n\n<ul><li>Widerspruchsrecht\/ Widerrufsrecht<\/li><li>Recht auf Auskunft: Nutzern muss auf Nachfrage eine umfassende Auskunft \u00fcber ihre Daten erteilt werden<\/li><li>Recht auf Berichtigung\/L\u00f6schung von Daten\/ Einschr\u00e4nkung der Verarbeitung<\/li><li>Beschwerderecht bei einer Aufsichtsbeh\u00f6rde<\/li><li>Recht auf Daten\u00fcbertragbarkeit: Dies meint, dass nat\u00fcrliche Person den Transfer ihrer Daten von einer berechtigten Stelle auf die andere verlangen d\u00fcrfen<\/li><\/ul>\n\n\n\n<p>9. Datenschutzbeauftragter f\u00fcr Schulen<br>Jochen Schnitker<br>Schulamt des Kreises G\u00fctersloh<br>Herzebrocker Str. 140<br>33324 G\u00fctersloh<br>T: 05241 85-1417<br>F: 05241 85-31417<br>jochen.schnitker@gt-net.de<\/p>\n\n\n\n<p>Stand: Mai 2020<\/p>\n","protected":false},"excerpt":{"rendered":"<p>Datenschutzerkl\u00e4rung Der Schutz und die Sicherheit von pers\u00f6nlichen Daten hat bei uns eine hohe Priorit\u00e4t. Daher halten wir uns strikt an die Regeln des deutschen Bundesdatenschutzgesetzes (BDSG). Nachfolgend werden Sie dar\u00fcber informiert, welche Art von Daten erfasst und zu welchem Zweck sie erhoben werden: 1. Daten\u00fcbermittlung \/DatenprotokollierungBeim Besuch dieser Seite [&hellip;]<\/p>\n","protected":false},"author":1,"featured_media":0,"parent":0,"menu_order":0,"comment_status":"closed","ping_status":"open","template":"","meta":[],"_links":{"self":[{"href":"https:\/\/www.kreisberufskollegs-gt.de\/index.php?rest_route=\/wp\/v2\/pages\/3"}],"collection":[{"href":"https:\/\/www.kreisberufskollegs-gt.de\/index.php?rest_route=\/wp\/v2\/pages"}],"about":[{"href":"https:\/\/www.kreisberufskollegs-gt.de\/index.php?rest_route=\/wp\/v2\/types\/page"}],"author":[{"embeddable":true,"href":"https:\/\/www.kreisberufskollegs-gt.de\/index.php?rest_route=\/wp\/v2\/users\/1"}],"replies":[{"embeddable":true,"href":"https:\/\/www.kreisberufskollegs-gt.de\/index.php?rest_route=%2Fwp%2Fv2%2Fcomments&post=3"}],"version-history":[{"count":5,"href":"https:\/\/www.kreisberufskollegs-gt.de\/index.php?rest_route=\/wp\/v2\/pages\/3\/revisions"}],"predecessor-version":[{"id":371,"href":"https:\/\/www.kreisberufskollegs-gt.de\/index.php?rest_route=\/wp\/v2\/pages\/3\/revisions\/371"}],"wp:attachment":[{"href":"https:\/\/www.kreisberufskollegs-gt.de\/index.php?rest_route=%2Fwp%2Fv2%2Fmedia&parent=3"}],"curies":[{"name":"wp","href":"https:\/\/api.w.org\/{rel}","templated":true}]}}